{"id":6737,"date":"2024-05-15T04:22:30","date_gmt":"2024-05-15T04:22:30","guid":{"rendered":"https:\/\/tequilafregon.com\/?page_id=6737"},"modified":"2026-01-16T02:24:36","modified_gmt":"2026-01-16T02:24:36","slug":"tours","status":"publish","type":"page","link":"https:\/\/tequilafregon.com\/en\/tours\/","title":{"rendered":"Tours Color Amor"},"content":{"rendered":"\t\t<div data-elementor-type=\"wp-page\" data-elementor-id=\"6737\" class=\"elementor elementor-6737\">\n\t\t\t\t\t\t<div class=\"elementor-section elementor-top-section elementor-element elementor-element-7023a342 elementor-section-stretched elementor-section-boxed elementor-section-height-default elementor-section-height-default\" data-id=\"7023a342\" data-element_type=\"section\" data-e-type=\"section\" data-settings=\"{&quot;stretch_section&quot;:&quot;section-stretched&quot;}\">\n\t\t\t\t\t\t<div class=\"elementor-container elementor-column-gap-no\">\n\t\t\t\t\t<div class=\"elementor-column elementor-col-100 elementor-top-column elementor-element elementor-element-615b17aa\" data-id=\"615b17aa\" data-element_type=\"column\" data-e-type=\"column\">\n\t\t\t<div class=\"elementor-widget-wrap elementor-element-populated\">\n\t\t\t\t\t\t<div class=\"elementor-element elementor-element-11ab5ce elementor-widget elementor-widget-heading\" data-id=\"11ab5ce\" data-element_type=\"widget\" data-e-type=\"widget\" data-widget_type=\"heading.default\">\n\t\t\t\t<div class=\"elementor-widget-container\">\n\t\t\t\t\t<h2 class=\"elementor-heading-title elementor-size-default\">COLORAMOR TOUR'S<\/h2>\t\t\t\t<\/div>\n\t\t\t\t<\/div>\n\t\t\t\t<div class=\"elementor-element elementor-element-4d04096 elementor-widget elementor-widget-spacer\" data-id=\"4d04096\" data-element_type=\"widget\" data-e-type=\"widget\" data-widget_type=\"spacer.default\">\n\t\t\t\t<div class=\"elementor-widget-container\">\n\t\t\t\t\t\t\t<div class=\"elementor-spacer\">\n\t\t\t<div class=\"elementor-spacer-inner\"><\/div>\n\t\t<\/div>\n\t\t\t\t\t\t<\/div>\n\t\t\t\t<\/div>\n\t\t\t\t<div class=\"elementor-element elementor-element-39944df elementor-widget-tablet__width-initial elementor-widget elementor-widget-text-editor\" data-id=\"39944df\" data-element_type=\"widget\" data-e-type=\"widget\" data-widget_type=\"text-editor.default\">\n\t\t\t\t<div class=\"elementor-widget-container\">\n\t\t\t\t\t\t\t\t\t<p>Sum\u00e9rgete en el mundo del tequila con nuestro recorrido en destiler\u00eda, donde aprender\u00e1s sobre su fascinante historia y el proceso de elaboraci\u00f3n de la mano de un experto.\u00a0<\/p><p>Descubre los secretos detr\u00e1s de esta emblem\u00e1tica bebida mientras exploras nuestras instalaciones.<\/p>\t\t\t\t\t\t\t\t<\/div>\n\t\t\t\t<\/div>\n\t\t\t\t<div class=\"elementor-section elementor-inner-section elementor-element elementor-element-27457f47 elementor-section-boxed elementor-section-height-default elementor-section-height-default\" data-id=\"27457f47\" data-element_type=\"section\" data-e-type=\"section\">\n\t\t\t\t\t\t<div class=\"elementor-container elementor-column-gap-no\">\n\t\t\t\t\t<div class=\"elementor-column elementor-col-33 elementor-inner-column elementor-element elementor-element-49945253\" data-id=\"49945253\" data-element_type=\"column\" data-e-type=\"column\">\n\t\t\t<div class=\"elementor-widget-wrap elementor-element-populated\">\n\t\t\t\t\t\t<div class=\"elementor-element elementor-element-bc5e78b elementor-invisible elementor-widget elementor-widget-image\" data-id=\"bc5e78b\" data-element_type=\"widget\" data-e-type=\"widget\" data-settings=\"{&quot;_animation&quot;:&quot;fadeInRight&quot;}\" data-widget_type=\"image.default\">\n\t\t\t\t<div class=\"elementor-widget-container\">\n\t\t\t\t\t\t\t\t\t\t\t\t\t\t\t<img fetchpriority=\"high\" decoding=\"async\" width=\"980\" height=\"551\" src=\"https:\/\/tequilafregon.com\/wp-content\/uploads\/2024\/07\/TOURS-mini-1024x576.jpg\" class=\"elementor-animation-grow attachment-large size-large wp-image-7251\" alt=\"Tour Fregon2\" srcset=\"https:\/\/tequilafregon.com\/wp-content\/uploads\/2024\/07\/TOURS-mini-1024x576.jpg 1024w, https:\/\/tequilafregon.com\/wp-content\/uploads\/2024\/07\/TOURS-mini-300x169.jpg 300w, https:\/\/tequilafregon.com\/wp-content\/uploads\/2024\/07\/TOURS-mini-768x432.jpg 768w, https:\/\/tequilafregon.com\/wp-content\/uploads\/2024\/07\/TOURS-mini-18x10.jpg 18w, https:\/\/tequilafregon.com\/wp-content\/uploads\/2024\/07\/TOURS-mini-630x354.jpg 630w, https:\/\/tequilafregon.com\/wp-content\/uploads\/2024\/07\/TOURS-mini-600x338.jpg 600w, https:\/\/tequilafregon.com\/wp-content\/uploads\/2024\/07\/TOURS-mini-107x60.jpg 107w, https:\/\/tequilafregon.com\/wp-content\/uploads\/2024\/07\/TOURS-mini-160x90.jpg 160w, https:\/\/tequilafregon.com\/wp-content\/uploads\/2024\/07\/TOURS-mini.jpg 1500w\" sizes=\"(max-width: 980px) 100vw, 980px\" \/>\t\t\t\t\t\t\t\t\t\t\t\t\t\t\t<\/div>\n\t\t\t\t<\/div>\n\t\t\t\t\t<\/div>\n\t\t<\/div>\n\t\t\t\t<div class=\"elementor-column elementor-col-33 elementor-inner-column elementor-element elementor-element-74fca29c\" data-id=\"74fca29c\" data-element_type=\"column\" data-e-type=\"column\">\n\t\t\t<div class=\"elementor-widget-wrap elementor-element-populated\">\n\t\t\t\t\t\t<div class=\"elementor-element elementor-element-dffe971 elementor-invisible elementor-widget elementor-widget-image\" data-id=\"dffe971\" data-element_type=\"widget\" data-e-type=\"widget\" data-settings=\"{&quot;_animation&quot;:&quot;fadeIn&quot;}\" data-widget_type=\"image.default\">\n\t\t\t\t<div class=\"elementor-widget-container\">\n\t\t\t\t\t\t\t\t\t\t\t\t\t\t\t<img decoding=\"async\" width=\"980\" height=\"554\" src=\"https:\/\/tequilafregon.com\/wp-content\/uploads\/2024\/07\/tour4-1024x579.jpg\" class=\"elementor-animation-grow attachment-large size-large wp-image-7275\" alt=\"\" srcset=\"https:\/\/tequilafregon.com\/wp-content\/uploads\/2024\/07\/tour4-1024x579.jpg 1024w, https:\/\/tequilafregon.com\/wp-content\/uploads\/2024\/07\/tour4-300x170.jpg 300w, https:\/\/tequilafregon.com\/wp-content\/uploads\/2024\/07\/tour4-768x434.jpg 768w, https:\/\/tequilafregon.com\/wp-content\/uploads\/2024\/07\/tour4-18x10.jpg 18w, https:\/\/tequilafregon.com\/wp-content\/uploads\/2024\/07\/tour4-1000x565.jpg 1000w, https:\/\/tequilafregon.com\/wp-content\/uploads\/2024\/07\/tour4-630x356.jpg 630w, https:\/\/tequilafregon.com\/wp-content\/uploads\/2024\/07\/tour4-600x339.jpg 600w, https:\/\/tequilafregon.com\/wp-content\/uploads\/2024\/07\/tour4-106x60.jpg 106w, https:\/\/tequilafregon.com\/wp-content\/uploads\/2024\/07\/tour4-159x90.jpg 159w, https:\/\/tequilafregon.com\/wp-content\/uploads\/2024\/07\/tour4.jpg 1250w\" sizes=\"(max-width: 980px) 100vw, 980px\" \/>\t\t\t\t\t\t\t\t\t\t\t\t\t\t\t<\/div>\n\t\t\t\t<\/div>\n\t\t\t\t\t<\/div>\n\t\t<\/div>\n\t\t\t\t<div class=\"elementor-column elementor-col-33 elementor-inner-column elementor-element elementor-element-4f16fc49\" data-id=\"4f16fc49\" data-element_type=\"column\" data-e-type=\"column\">\n\t\t\t<div class=\"elementor-widget-wrap elementor-element-populated\">\n\t\t\t\t\t\t<div class=\"elementor-element elementor-element-40dfc33 elementor-invisible elementor-widget elementor-widget-image\" data-id=\"40dfc33\" data-element_type=\"widget\" data-e-type=\"widget\" data-settings=\"{&quot;_animation&quot;:&quot;fadeInLeft&quot;}\" data-widget_type=\"image.default\">\n\t\t\t\t<div class=\"elementor-widget-container\">\n\t\t\t\t\t\t\t\t\t\t\t\t\t\t\t<img decoding=\"async\" width=\"980\" height=\"551\" src=\"https:\/\/tequilafregon.com\/wp-content\/uploads\/2024\/07\/tahonavitral-min-1024x576.jpg\" class=\"elementor-animation-grow attachment-large size-large wp-image-7249\" alt=\"Tour Tahona\" srcset=\"https:\/\/tequilafregon.com\/wp-content\/uploads\/2024\/07\/tahonavitral-min-1024x576.jpg 1024w, https:\/\/tequilafregon.com\/wp-content\/uploads\/2024\/07\/tahonavitral-min-300x169.jpg 300w, https:\/\/tequilafregon.com\/wp-content\/uploads\/2024\/07\/tahonavitral-min-768x432.jpg 768w, https:\/\/tequilafregon.com\/wp-content\/uploads\/2024\/07\/tahonavitral-min-1536x864.jpg 1536w, https:\/\/tequilafregon.com\/wp-content\/uploads\/2024\/07\/tahonavitral-min-18x10.jpg 18w, https:\/\/tequilafregon.com\/wp-content\/uploads\/2024\/07\/tahonavitral-min-630x354.jpg 630w, https:\/\/tequilafregon.com\/wp-content\/uploads\/2024\/07\/tahonavitral-min-600x338.jpg 600w, https:\/\/tequilafregon.com\/wp-content\/uploads\/2024\/07\/tahonavitral-min-107x60.jpg 107w, https:\/\/tequilafregon.com\/wp-content\/uploads\/2024\/07\/tahonavitral-min-160x90.jpg 160w, https:\/\/tequilafregon.com\/wp-content\/uploads\/2024\/07\/tahonavitral-min.jpg 2048w\" sizes=\"(max-width: 980px) 100vw, 980px\" \/>\t\t\t\t\t\t\t\t\t\t\t\t\t\t\t<\/div>\n\t\t\t\t<\/div>\n\t\t\t\t\t<\/div>\n\t\t<\/div>\n\t\t\t\t\t<\/div>\n\t\t<\/div>\n\t\t\t\t\t<\/div>\n\t\t<\/div>\n\t\t\t\t\t<\/div>\n\t\t<\/div>\n\t\t\t\t<div class=\"elementor-section elementor-top-section elementor-element elementor-element-adde057 elementor-section-stretched elementor-section-height-min-height elementor-section-content-middle elementor-section-boxed elementor-section-height-default elementor-section-items-middle\" data-id=\"adde057\" data-element_type=\"section\" data-e-type=\"section\" data-settings=\"{&quot;stretch_section&quot;:&quot;section-stretched&quot;,&quot;background_background&quot;:&quot;classic&quot;}\">\n\t\t\t\t\t\t<div class=\"elementor-container elementor-column-gap-no\">\n\t\t\t\t\t<div class=\"elementor-column elementor-col-100 elementor-top-column elementor-element elementor-element-ea6699f\" data-id=\"ea6699f\" data-element_type=\"column\" data-e-type=\"column\" data-settings=\"{&quot;background_background&quot;:&quot;classic&quot;}\">\n\t\t\t<div class=\"elementor-widget-wrap elementor-element-populated\">\n\t\t\t\t\t\t<div class=\"elementor-element elementor-element-f06663f elementor-widget elementor-widget-heading\" data-id=\"f06663f\" data-element_type=\"widget\" data-e-type=\"widget\" data-widget_type=\"heading.default\">\n\t\t\t\t<div class=\"elementor-widget-container\">\n\t\t\t\t\t<h2 class=\"elementor-heading-title elementor-size-default\">RESERVACI\u00d3N<\/h2>\t\t\t\t<\/div>\n\t\t\t\t<\/div>\n\t\t\t\t<div class=\"elementor-element elementor-element-7ea621c elementor-widget elementor-widget-image\" data-id=\"7ea621c\" data-element_type=\"widget\" data-e-type=\"widget\" data-widget_type=\"image.default\">\n\t\t\t\t<div class=\"elementor-widget-container\">\n\t\t\t\t\t\t\t\t\t\t\t\t\t\t\t<img loading=\"lazy\" decoding=\"async\" width=\"70\" height=\"4\" src=\"https:\/\/tequilafregon.com\/wp-content\/uploads\/2021\/07\/vector.png\" class=\"attachment-full size-full wp-image-783\" alt=\"\" srcset=\"https:\/\/tequilafregon.com\/wp-content\/uploads\/2021\/07\/vector.png 70w, https:\/\/tequilafregon.com\/wp-content\/uploads\/2021\/07\/vector-50x4.png 50w\" sizes=\"(max-width: 70px) 100vw, 70px\" \/>\t\t\t\t\t\t\t\t\t\t\t\t\t\t\t<\/div>\n\t\t\t\t<\/div>\n\t\t\t\t<div class=\"elementor-element elementor-element-f9eaa17 elementor-widget-tablet__width-initial elementor-widget elementor-widget-text-editor\" data-id=\"f9eaa17\" data-element_type=\"widget\" data-e-type=\"widget\" data-widget_type=\"text-editor.default\">\n\t\t\t\t<div class=\"elementor-widget-container\">\n\t\t\t\t\t\t\t\t\t<p>Ven, vis\u00edtanos y conoce todos los procesos de la industria tequilera en COLORAMOR<\/p><p>*** PRECIO PROMOCIONAL POR APERTURA ***<\/p>\t\t\t\t\t\t\t\t<\/div>\n\t\t\t\t<\/div>\n\t\t\t\t<div class=\"elementor-element elementor-element-b1a0bd0 elementor-widget-tablet__width-initial elementor-widget elementor-widget-text-editor\" data-id=\"b1a0bd0\" data-element_type=\"widget\" data-e-type=\"widget\" data-widget_type=\"text-editor.default\">\n\t\t\t\t<div class=\"elementor-widget-container\">\n\t\t\t\t\t\t\t\t\t<p>Cata s\u00f3lo accesible a mayores de edad.<\/p><p>*** Para recorridos mayores de 20 personas es necesario hacer la reservaci\u00f3n de forma especial v\u00eda whatsapp o llamando al n\u00famero +52 378-107-5317 ***<\/p>\t\t\t\t\t\t\t\t<\/div>\n\t\t\t\t<\/div>\n\t\t\t\t<div class=\"elementor-element elementor-element-654d4d6 elementor-widget elementor-widget-booknetic\" data-id=\"654d4d6\" data-element_type=\"widget\" data-e-type=\"widget\" data-widget_type=\"booknetic.default\">\n\t\t\t\t<div class=\"elementor-widget-container\">\n\t\t\t\t\t<div id=\"bookneticElementorContainer\">[booknetic theme=2 category=1 location=1]<\/div>\t\t\t\t<\/div>\n\t\t\t\t<\/div>\n\t\t\t\t\t<\/div>\n\t\t<\/div>\n\t\t\t\t\t<\/div>\n\t\t<\/div>\n\t\t\t\t<\/div>\n\t\t","protected":false},"excerpt":{"rendered":"<p>COLORAMOR TOUR&#8217;S Sum\u00e9rgete en el mundo del tequila con nuestro recorrido en destiler\u00eda, donde aprender\u00e1s sobre su fascinante historia y el proceso de elaboraci\u00f3n de la mano de un experto.\u00a0 Descubre los secretos detr\u00e1s de esta emblem\u00e1tica bebida mientras exploras nuestras instalaciones. RESERVACI\u00d3N Ven, vis\u00edtanos y conoce todos los procesos de la industria tequilera en [&hellip;]<\/p>\n","protected":false},"author":1,"featured_media":0,"parent":0,"menu_order":0,"comment_status":"closed","ping_status":"closed","template":"","meta":{"inline_featured_image":false,"footnotes":""},"class_list":["post-6737","page","type-page","status-publish","hentry"],"_links":{"self":[{"href":"https:\/\/tequilafregon.com\/en\/wp-json\/wp\/v2\/pages\/6737","targetHints":{"allow":["GET"]}}],"collection":[{"href":"https:\/\/tequilafregon.com\/en\/wp-json\/wp\/v2\/pages"}],"about":[{"href":"https:\/\/tequilafregon.com\/en\/wp-json\/wp\/v2\/types\/page"}],"author":[{"embeddable":true,"href":"https:\/\/tequilafregon.com\/en\/wp-json\/wp\/v2\/users\/1"}],"replies":[{"embeddable":true,"href":"https:\/\/tequilafregon.com\/en\/wp-json\/wp\/v2\/comments?post=6737"}],"version-history":[{"count":86,"href":"https:\/\/tequilafregon.com\/en\/wp-json\/wp\/v2\/pages\/6737\/revisions"}],"predecessor-version":[{"id":7379,"href":"https:\/\/tequilafregon.com\/en\/wp-json\/wp\/v2\/pages\/6737\/revisions\/7379"}],"wp:attachment":[{"href":"https:\/\/tequilafregon.com\/en\/wp-json\/wp\/v2\/media?parent=6737"}],"curies":[{"name":"wp","href":"https:\/\/api.w.org\/{rel}","templated":true}]}}